{"id":135,"date":"2024-04-25T08:06:05","date_gmt":"2024-04-25T08:06:05","guid":{"rendered":"https:\/\/ethner.bw-media.saarland\/?page_id=135"},"modified":"2024-04-29T15:45:27","modified_gmt":"2024-04-29T15:45:27","slug":"impressum","status":"publish","type":"page","link":"https:\/\/haarstudio-ethner.de\/index.php\/impressum\/","title":{"rendered":"Impressum"},"content":{"rendered":"<div class=\"\" style=\"\" >\n    \n    <section class=\"u-clearfix u-gradient u-section-2\" id=\"sec-3241\">\n      <div class=\"u-clearfix u-sheet u-sheet-1\">\n        <div class=\"u-clearfix u-custom-html u-expanded-width u-custom-html-1\">\n          <h1> Impressum <\/h1>\n          <h2> Angaben gem\u00e4\u00df \u00a7 5 TMG: <\/h2>\n          <p> Gabi Ethner<br> Friseurmeisterin<br> Betzelbacher Weg 9<br> 66564 Ottweiler \n          <\/p>\n          <h2> Kontakt: <\/h2>\n          <p> Telefon: +49 (0)1795258031<br> E-Mail: info@haarstudio-ethner.de \n          <\/p>\n          <h2> Umsatzsteuer: <\/h2>\n          <p> Umsatzsteuer-Identifikationsnummer gem\u00e4\u00df \u00a727 a Umsatzsteuergesetz:<br> DE 138 315 451 \n          <\/p>\n          <h2> Berufsbezeichnung und berufsrechtliche Regelungen <\/h2>\n          <p> Berufsbezeichnung: Friseurmeisterin<br> Zust\u00e4ndige Kammer: Handwerkskammer des Saarlandes<br> Verliehen durch: Saarland<br> Es gelten folgende berufsrechtliche Regelungen: Handwerkskammer des Saarlandes Hohenzollernstra\u00dfe 47\u201349 66117 Saarbr\u00fccken<br> Regelungen einsehbar unter: <a href=\"https:\/\/www.hwk-saarland.de\/de\" target=\"_blank\">https:\/\/www.hwk-saarland.de\/de<\/a>\n          <\/p>\n          <h2> Angaben zur Berufshaftpflichtversicherung <\/h2>\n          <p> Name und Sitz des Versicherers:<br> ERGO Group AG<br> Victoriaplatz 2<br> 40477 D\u00fcsseldorf \n          <\/p>\n          <p> Geltungsraum der Versicherung: Deutschland <\/p>\n          <h2> Streitschlichtung <\/h2>\n          <p> Die Europ\u00e4ische Kommission stellt eine Plattform zur Online-Streitbeilegung (OS) bereit: <a href=\"https:\/\/ec.europa.eu\/consumers\/odr\" target=\"_blank\">https:\/\/ec.europa.eu\/consumers\/odr<\/a>.<br> Unsere E-Mail-Adresse finden Sie oben im Impressum. \n          <\/p>\n          <p> Wir sind nicht bereit oder verpflichtet, an Streitbeilegungsverfahren vor einer Verbraucherschlichtungsstelle teilzunehmen. <\/p>\n          <h3> Haftung f\u00fcr Inhalte <\/h3>\n          <p> Als Diensteanbieter sind wir gem\u00e4\u00df \u00a7 7 Abs.1 TMG f\u00fcr eigene Inhalte auf diesen Seiten nach den allgemeinen Gesetzen verantwortlich. Nach \u00a7\u00a7 8 bis 10 TMG sind wir als Diensteanbieter jedoch nicht\n    verpflichtet, \u00fcbermittelte oder gespeicherte fremde Informationen zu \u00fcberwachen oder nach Umst\u00e4nden zu forschen, die auf eine rechtswidrige T\u00e4tigkeit hinweisen. <\/p>\n          <p> Verpflichtungen zur Entfernung oder Sperrung der Nutzung von Informationen nach den allgemeinen Gesetzen bleiben hiervon unber\u00fchrt. Eine diesbez\u00fcgliche Haftung ist jedoch erst ab dem Zeitpunkt\n    der Kenntnis einer konkreten Rechtsverletzung m\u00f6glich. Bei Bekanntwerden von entsprechenden Rechtsverletzungen werden wir diese Inhalte umgehend entfernen. <\/p>\n          <h3> Haftung f\u00fcr Links <\/h3>\n          <p> Unser Angebot enth\u00e4lt Links zu externen Websites Dritter, auf deren Inhalte wir keinen Einfluss haben. Deshalb k\u00f6nnen wir f\u00fcr diese fremden Inhalte auch keine Gew\u00e4hr \u00fcbernehmen. F\u00fcr die Inhalte\n    der verlinkten Seiten ist stets der jeweilige Anbieter oder Betreiber der Seiten verantwortlich. Die verlinkten Seiten wurden zum Zeitpunkt der Verlinkung auf m\u00f6gliche Rechtsverst\u00f6\u00dfe \u00fcberpr\u00fcft.\n    Rechtswidrige Inhalte waren zum Zeitpunkt der Verlinkung nicht erkennbar. <\/p>\n          <p> Eine permanente inhaltliche Kontrolle der verlinkten Seiten ist jedoch ohne konkrete Anhaltspunkte einer Rechtsverletzung nicht zumutbar. Bei Bekanntwerden von Rechtsverletzungen werden wir\n    derartige Links umgehend entfernen. <\/p>\n          <h3> Urheberrecht <\/h3>\n          <p> Die durch die Seitenbetreiber erstellten Inhalte und Werke auf diesen Seiten unterliegen dem deutschen Urheberrecht. Die Vervielf\u00e4ltigung, Bearbeitung, Verbreitung und jede Art der Verwertung\n    au\u00dferhalb der Grenzen des Urheberrechtes bed\u00fcrfen der schriftlichen Zustimmung des jeweiligen Autors bzw. Erstellers. Downloads und Kopien dieser Seite sind nur f\u00fcr den privaten, nicht\n    kommerziellen Gebrauch gestattet. <\/p>\n          <p> Soweit die Inhalte auf dieser Seite nicht vom Betreiber erstellt wurden, werden die Urheberrechte Dritter beachtet. Insbesondere werden Inhalte Dritter als solche gekennzeichnet. Sollten Sie\n    trotzdem auf eine Urheberrechtsverletzung aufmerksam werden, bitten wir um einen entsprechenden Hinweis. Bei Bekanntwerden von Rechtsverletzungen werden wir derartige Inhalte umgehend entfernen. <\/p>\n          <h1> Site Notice <\/h1>\n          <h2> Information provided according to Sec. 5 German Telemedia Act (TMG): <\/h2>\n          <p> Gabi Ethner<br> Friseurmeisterin<br> Ludwigsthaler Str. 2-4<br> Geb\u00e4ude 44<br> 66459 Kirkel \n          <\/p>\n          <h2> Contact: <\/h2>\n          <p> Telephone: +49 (0)684189313<br> Telefax: +49 (0) 6841982981<br> Email: info@haarstudio-ethner.de \n          <\/p>\n          <h2> VAT: <\/h2>\n          <p> VAT Id number according to Sec. 27 a German Value Added Tax Act:<br> DE 138 315 451 \n          <\/p>\n          <h2> Job title and professional regulations <\/h2>\n          <p> Job title: Friseurmeisterin<br> Responsible board: Handwerkskammer des Saarlandes<br> Authorisation granted by: Saarland<br> The following professional regulations apply: Handwerkskammer des Saarlandes Hohenzollernstra\u00dfe 47\u201349 66117 Saarbr\u00fccken<br> Regulations accessible under: <a href=\"https:\/\/www.hwk-saarland.de\/de\" target=\"_blank\">https:\/\/www.hwk-saarland.de\/de<\/a>\n          <\/p>\n          <h2> Information concerning professional indemnity insurance: <\/h2>\n          <p> Name and residence of insurer:<br> ERGO Group AG<br> Victoriaplatz 2<br> 40477 D\u00fcsseldorf \n          <\/p>\n          <p> Scope of insurance: Deutschland <\/p>\n          <h2> Dispute resolution <\/h2>\n          <p> The European Commission provides a platform for online dispute resolution (OS): <a href=\"https:\/\/ec.europa.eu\/consumers\/odr\" target=\"_blank\">https:\/\/ec.europa.eu\/consumers\/odr<\/a>.<br> Please find our email in the impressum\/legal notice. \n          <\/p>\n          <p> We do not take part in online dispute resolutions at consumer arbitration boards. <\/p>\n          <h3> Liability for Contents <\/h3>\n          <p> As service providers, we are liable for own contents of these websites according to Sec. 7, paragraph 1 German Telemedia Act (TMG). However, according to Sec. 8 to 10 German Telemedia Act (TMG),\n    service providers are not obligated to permanently monitor submitted or stored information or to search for evidences that indicate illegal activities. <\/p>\n          <p> Legal obligations to removing information or to blocking the use of information remain unchallenged. In this case, liability is only possible at the time of knowledge about a specific violation\n    of law. Illegal contents will be removed immediately at the time we get knowledge of them. <\/p>\n          <h3> Liability for Links <\/h3>\n          <p> Our offer includes links to external third party websites. We have no influence on the contents of those websites, therefore we cannot guarantee for those contents. Providers or administrators of\n    linked websites are always responsible for their own contents. <\/p>\n          <p> The linked websites had been checked for possible violations of law at the time of the establishment of the link. Illegal contents were not detected at the time of the linking. A permanent\n    monitoring of the contents of linked websites cannot be imposed without reasonable indications that there has been a violation of law. Illegal links will be removed immediately at the time we get\n    knowledge of them. <\/p>\n          <h3> Copyright <\/h3>\n          <p> Contents and compilations published on these websites by the providers are subject to German copyright laws. Reproduction, editing, distribution as well as the use of any kind outside the scope\n    of the copyright law require a written permission of the author or originator. Downloads and copies of these websites are permitted for private use only.<br> The commercial use of our contents without permission of the originator is prohibited. \n          <\/p>\n          <p> Copyright laws of third parties are respected as long as the contents on these websites do not originate from the provider. Contributions of third parties on this site are indicated as such.\n    However, if you notice any violations of copyright law, please inform us. Such contents will be removed immediately. <\/p>\n        <\/div>\n      <\/div>\n    <\/section>\n    \n    \n    \n  \n<\/div>","protected":false},"excerpt":{"rendered":"<p>Impressum Angaben gem\u00e4\u00df \u00a7 5 TMG: Gabi Ethner Friseurmeisterin Betzelbacher Weg 9 66564 Ottweiler Kontakt: Telefon: +49 (0)1795258031 E-Mail: info@haarstudio-ethner.de Umsatzsteuer: Umsatzsteuer-Identifikationsnummer gem\u00e4\u00df \u00a727 a Umsatzsteuergesetz: DE 138 315 451 Berufsbezeichnung und berufsrechtliche Regelungen Berufsbezeichnung: Friseurmeisterin Zust\u00e4ndige Kammer: Handwerkskammer des Saarlandes Verliehen durch: Saarland Es gelten folgende berufsrechtliche Regelungen: Handwerkskammer des Saarlandes Hohenzollernstra\u00dfe 47\u201349 66117 [&hellip;]<\/p>\n","protected":false},"author":2,"featured_media":0,"parent":0,"menu_order":0,"comment_status":"closed","ping_status":"closed","template":"","meta":{"footnotes":""},"class_list":["post-135","page","type-page","status-publish","hentry"],"yoast_head":"<!-- This site is optimized with the Yoast SEO plugin v27.4 - https:\/\/yoast.com\/product\/yoast-seo-wordpress\/ -->\n<title>Impressum - Haarstudio Ethner<\/title>\n<meta name=\"robots\" content=\"noindex, follow, max-snippet:-1, max-image-preview:large, max-video-preview:-1\" \/>\n<meta property=\"og:locale\" content=\"de_DE\" \/>\n<meta property=\"og:type\" content=\"article\" \/>\n<meta property=\"og:title\" content=\"Impressum - Haarstudio Ethner\" \/>\n<meta property=\"og:description\" content=\"Impressum Angaben gem\u00e4\u00df \u00a7 5 TMG: Gabi Ethner Friseurmeisterin Betzelbacher Weg 9 66564 Ottweiler Kontakt: Telefon: +49 (0)1795258031 E-Mail: info@haarstudio-ethner.de Umsatzsteuer: Umsatzsteuer-Identifikationsnummer gem\u00e4\u00df \u00a727 a Umsatzsteuergesetz: DE 138 315 451 Berufsbezeichnung und berufsrechtliche Regelungen Berufsbezeichnung: Friseurmeisterin Zust\u00e4ndige Kammer: Handwerkskammer des Saarlandes Verliehen durch: Saarland Es gelten folgende berufsrechtliche Regelungen: Handwerkskammer des Saarlandes Hohenzollernstra\u00dfe 47\u201349 66117 [&hellip;]\" \/>\n<meta property=\"og:url\" content=\"https:\/\/haarstudio-ethner.de\/index.php\/impressum\/\" \/>\n<meta property=\"og:site_name\" content=\"Haarstudio Ethner\" \/>\n<meta property=\"article:modified_time\" content=\"2024-04-29T15:45:27+00:00\" \/>\n<meta name=\"twitter:card\" content=\"summary_large_image\" \/>\n<script type=\"application\/ld+json\" class=\"yoast-schema-graph\">{\"@context\":\"https:\\\/\\\/schema.org\",\"@graph\":[{\"@type\":\"WebPage\",\"@id\":\"https:\\\/\\\/haarstudio-ethner.de\\\/index.php\\\/impressum\\\/\",\"url\":\"https:\\\/\\\/haarstudio-ethner.de\\\/index.php\\\/impressum\\\/\",\"name\":\"Impressum - Haarstudio Ethner\",\"isPartOf\":{\"@id\":\"https:\\\/\\\/haarstudio-ethner.de\\\/#website\"},\"datePublished\":\"2024-04-25T08:06:05+00:00\",\"dateModified\":\"2024-04-29T15:45:27+00:00\",\"breadcrumb\":{\"@id\":\"https:\\\/\\\/haarstudio-ethner.de\\\/index.php\\\/impressum\\\/#breadcrumb\"},\"inLanguage\":\"de\",\"potentialAction\":[{\"@type\":\"ReadAction\",\"target\":[\"https:\\\/\\\/haarstudio-ethner.de\\\/index.php\\\/impressum\\\/\"]}]},{\"@type\":\"BreadcrumbList\",\"@id\":\"https:\\\/\\\/haarstudio-ethner.de\\\/index.php\\\/impressum\\\/#breadcrumb\",\"itemListElement\":[{\"@type\":\"ListItem\",\"position\":1,\"name\":\"Startseite\",\"item\":\"https:\\\/\\\/haarstudio-ethner.de\\\/\"},{\"@type\":\"ListItem\",\"position\":2,\"name\":\"Impressum\"}]},{\"@type\":\"WebSite\",\"@id\":\"https:\\\/\\\/haarstudio-ethner.de\\\/#website\",\"url\":\"https:\\\/\\\/haarstudio-ethner.de\\\/\",\"name\":\"Haarstudio Ethner\",\"description\":\"\",\"potentialAction\":[{\"@type\":\"SearchAction\",\"target\":{\"@type\":\"EntryPoint\",\"urlTemplate\":\"https:\\\/\\\/haarstudio-ethner.de\\\/?s={search_term_string}\"},\"query-input\":{\"@type\":\"PropertyValueSpecification\",\"valueRequired\":true,\"valueName\":\"search_term_string\"}}],\"inLanguage\":\"de\"}]}<\/script>\n<!-- \/ Yoast SEO plugin. -->","yoast_head_json":{"title":"Impressum - Haarstudio Ethner","robots":{"index":"noindex","follow":"follow","max-snippet":"max-snippet:-1","max-image-preview":"max-image-preview:large","max-video-preview":"max-video-preview:-1"},"og_locale":"de_DE","og_type":"article","og_title":"Impressum - Haarstudio Ethner","og_description":"Impressum Angaben gem\u00e4\u00df \u00a7 5 TMG: Gabi Ethner Friseurmeisterin Betzelbacher Weg 9 66564 Ottweiler Kontakt: Telefon: +49 (0)1795258031 E-Mail: info@haarstudio-ethner.de Umsatzsteuer: Umsatzsteuer-Identifikationsnummer gem\u00e4\u00df \u00a727 a Umsatzsteuergesetz: DE 138 315 451 Berufsbezeichnung und berufsrechtliche Regelungen Berufsbezeichnung: Friseurmeisterin Zust\u00e4ndige Kammer: Handwerkskammer des Saarlandes Verliehen durch: Saarland Es gelten folgende berufsrechtliche Regelungen: Handwerkskammer des Saarlandes Hohenzollernstra\u00dfe 47\u201349 66117 [&hellip;]","og_url":"https:\/\/haarstudio-ethner.de\/index.php\/impressum\/","og_site_name":"Haarstudio Ethner","article_modified_time":"2024-04-29T15:45:27+00:00","twitter_card":"summary_large_image","schema":{"@context":"https:\/\/schema.org","@graph":[{"@type":"WebPage","@id":"https:\/\/haarstudio-ethner.de\/index.php\/impressum\/","url":"https:\/\/haarstudio-ethner.de\/index.php\/impressum\/","name":"Impressum - Haarstudio Ethner","isPartOf":{"@id":"https:\/\/haarstudio-ethner.de\/#website"},"datePublished":"2024-04-25T08:06:05+00:00","dateModified":"2024-04-29T15:45:27+00:00","breadcrumb":{"@id":"https:\/\/haarstudio-ethner.de\/index.php\/impressum\/#breadcrumb"},"inLanguage":"de","potentialAction":[{"@type":"ReadAction","target":["https:\/\/haarstudio-ethner.de\/index.php\/impressum\/"]}]},{"@type":"BreadcrumbList","@id":"https:\/\/haarstudio-ethner.de\/index.php\/impressum\/#breadcrumb","itemListElement":[{"@type":"ListItem","position":1,"name":"Startseite","item":"https:\/\/haarstudio-ethner.de\/"},{"@type":"ListItem","position":2,"name":"Impressum"}]},{"@type":"WebSite","@id":"https:\/\/haarstudio-ethner.de\/#website","url":"https:\/\/haarstudio-ethner.de\/","name":"Haarstudio Ethner","description":"","potentialAction":[{"@type":"SearchAction","target":{"@type":"EntryPoint","urlTemplate":"https:\/\/haarstudio-ethner.de\/?s={search_term_string}"},"query-input":{"@type":"PropertyValueSpecification","valueRequired":true,"valueName":"search_term_string"}}],"inLanguage":"de"}]}},"_links":{"self":[{"href":"https:\/\/haarstudio-ethner.de\/index.php\/wp-json\/wp\/v2\/pages\/135","targetHints":{"allow":["GET"]}}],"collection":[{"href":"https:\/\/haarstudio-ethner.de\/index.php\/wp-json\/wp\/v2\/pages"}],"about":[{"href":"https:\/\/haarstudio-ethner.de\/index.php\/wp-json\/wp\/v2\/types\/page"}],"author":[{"embeddable":true,"href":"https:\/\/haarstudio-ethner.de\/index.php\/wp-json\/wp\/v2\/users\/2"}],"replies":[{"embeddable":true,"href":"https:\/\/haarstudio-ethner.de\/index.php\/wp-json\/wp\/v2\/comments?post=135"}],"version-history":[{"count":4,"href":"https:\/\/haarstudio-ethner.de\/index.php\/wp-json\/wp\/v2\/pages\/135\/revisions"}],"predecessor-version":[{"id":186,"href":"https:\/\/haarstudio-ethner.de\/index.php\/wp-json\/wp\/v2\/pages\/135\/revisions\/186"}],"wp:attachment":[{"href":"https:\/\/haarstudio-ethner.de\/index.php\/wp-json\/wp\/v2\/media?parent=135"}],"curies":[{"name":"wp","href":"https:\/\/api.w.org\/{rel}","templated":true}]}}